{"id":39,"date":"2018-03-05T22:37:06","date_gmt":"2018-03-06T01:37:06","guid":{"rendered":"https:\/\/cnor.org.br\/wp\/?page_id=39"},"modified":"2018-04-19T04:47:48","modified_gmt":"2018-04-19T07:47:48","slug":"cnor","status":"publish","type":"page","link":"https:\/\/cnor.org.br\/wp\/cnor\/","title":{"rendered":"CNOR"},"content":{"rendered":"<p><strong>Sistema CNOR &#8211; Breve hist\u00f3rico<\/strong><\/p>\n<p>Nos dias 21 e 22 Abr 97, a ent\u00e3o denominada Assoc Ex-Al CPOR\/RJ realizou o 1\u00ba Encontro Nacional de Oficiais da Reserva (R\/2) do Ex\u00e9rcito Brasileiro &#8211; I ENOREx.<\/p>\n<p>No quartel do CPOR\/RJ, ainda na Avenida Pedro II, no bairro imperial de S\u00e3o Crist\u00f3v\u00e3o, reunimos, num memor\u00e1vel Encontro, as delega\u00e7\u00f5es de 06 das 10 Associa\u00e7\u00f5es de Oficiais R\/2 existentes no Pa\u00eds: S\u00e3o Paulo (1954), Recife (1982), Belo Horizonte (1988), Rio de Janeiro (1992), Porto Alegre (1993) e Petr\u00f3polis (1996). N\u00e3o se fizeram representar as entidades de Salvador (1989), Natal (1993), Fortaleza (1993) e S\u00e3o Lu\u00eds (1995).<\/p>\n<p>Como convidada, uma representa\u00e7\u00e3o da Sociedade de Amigos do CPOR\/SP.<\/p>\n<p>No ano anterior, a Assoc Ex-Al CPOR\/RJ havia promovido o \u201c1o Ciclo de Palestras para Atualiza\u00e7\u00e3o de Oficiais R\/2\u201d, com o apoio do DEP (hoje DECEx), da DFA (hoje DESMil) e do CPOR\/RJ. Outras Associa\u00e7\u00f5es, como a de Recife, j\u00e1 desenvolviam Encontros de Atualiza\u00e7\u00e3o de um dia de Palestras, desde a d\u00e9cada de 80, mas n\u00e3o um Ciclo de v\u00e1rios dias.<\/p>\n<p>Realizado em 3 finais de semana, o Curso reuniu cerca de 80 Oficiais R\/2 e, em seu encerramento, o Chefe do DEP, Gen Ex Gleuber Vieira, dirigiu ao Presidente da Assoc Ex-Al CPOR\/RJ as seguintes palavras:<\/p>\n<blockquote>\n<p style=\"padding-left: 30px;\">&#8220;Ten Monteiro, sugiro que a Assoc Ex-Al CPOR\/RJ promova uma reuni\u00e3o entre as diretorias das 5* entidades cong\u00eaneres em atividade no Pa\u00eds, visando uma desej\u00e1vel integra\u00e7\u00e3o entre elas. Quem sabe desse Encontro surja uma organiza\u00e7\u00e3o nacional que possa atuar como elo entre as Associa\u00e7\u00f5es e o Ex\u00e9rcito.&#8221;<\/p>\n<\/blockquote>\n<p style=\"padding-left: 30px;\">* em 1996 s\u00f3 se conhecia 5, mas j\u00e1 havia Salvador, Natal, Fortaleza e S\u00e3o Lu\u00eds, e neste ano foi fundada Petr\u00f3polis.<\/p>\n<p>Miss\u00e3o dada, miss\u00e3o cumprida.<\/p>\n<p>Gra\u00e7as \u00e0 extraordin\u00e1ria vis\u00e3o estrat\u00e9gica do Gen Ex Gleuber, cerca de 180 Oficiais R\/2 de todo o Pa\u00eds, participantes do I ENOREx, decidiram, em Assembleia Geral realizada em 22 Abr 97, por unanimidade, criar o Conselho Nacional de Oficiais R\/2 do Brasil.<\/p>\n<p>Parece que foi ontem, mas mais de 20 anos se passaram.<\/p>\n<p>O tempo \u00e9 inexor\u00e1vel. Muitos daqueles Oficiais que participaram da cria\u00e7\u00e3o do CNOR permanecem conosco. Outros partiram e os reverenciamos como exemplos de soldados<br \/>\nque dignificaram o uniforme verde-oliva e cidad\u00e3os que honraram seu Pa\u00eds.<\/p>\n<p>Cabelos embranqueceram, e anos ap\u00f3s novos integrantes passaram a chegar, somando amizade, lealdade, companheirismo e vitalidade ao ideal. Tamb\u00e9m \u00e9 verdade que alguns j\u00e1 n\u00e3o t\u00eam o mesmo vigor f\u00edsico. Mas, o ideal que os impulsionou ao cumprimento da miss\u00e3o permanece imut\u00e1vel e vibrante at\u00e9 os dias de hoje.<\/p>\n<p>Em 2009, na Plen\u00e1ria do XI ENOREx-Bras\u00edlia, o CNOR recomendou que todas as Associa\u00e7\u00f5es de Ex-alunos alterassem sua denomina\u00e7\u00e3o para Associa\u00e7\u00e3o de Oficiais da Reserva \u2013 usando a sigla AORE, a pedido inclusive de v\u00e1rios chefes militares, tanto\u00a0para facilitar a liga\u00e7\u00e3o e a identifica\u00e7\u00e3o dessas Associa\u00e7\u00f5es no meio militar, quanto para que se adquirisse uma padroniza\u00e7\u00e3o e sentido de organiza\u00e7\u00e3o e unidade no esfor\u00e7o e no ideal nacional de representa\u00e7\u00e3o da oficialidade reserva n\u00e3o remunerada.<\/p>\n<p>Em 2015, numa Reforma no Estatuo do CNOR, esta recomenda\u00e7\u00e3o passou a ser oficial, e, al\u00e9m desta, todas as categorias de Oficiais da reserva, do Ex\u00e9rcito, Marinha ou Aeron\u00e1utica, poderiam agora pertencer aos quadros das AOREs. O CNOR muda sua designa\u00e7\u00e3o de \u201cConselho Nacional de Oficiais R\/2 do Brasil\u201d, para \u201cConselho Nacional<br \/>\nde Oficiais da Reserva\u201d. A nova vers\u00e3o do estatuto, para preservar a ess\u00eancia da origem do Sistema, estabeleceu que as associa\u00e7\u00f5es regionais filiadas ao CNOR tivessem o seu<br \/>\nquadro social majoritariamente constitu\u00eddo por oficiais R\/2.<\/p>\n<p>A grandeza do Brasil \u00e9 o objetivo da Oficialidade R\/2. E o Ex\u00e9rcito Brasileiro, nosso maior parceiro e ber\u00e7o inestim\u00e1vel de valores nessa nobilitante miss\u00e3o.<\/p>\n<p>H\u00e1 mais de 20 anos \u00e9ramos 06 Associa\u00e7\u00f5es conhecidas e que se associaram entre si para criar um \u00f3rg\u00e3o nacional e central. Hoje, gra\u00e7as ao excelente trabalho desenvolvido<br \/>\npelas diretorias do CNOR e de suas filiadas, est\u00e3o ativas mais de 30 entidades regionais e v\u00e1rias outras em fase de filia\u00e7\u00e3o, em perfeita conson\u00e2ncia com as diretrizes do CNOR.<\/p>\n<p>Cadastramos mais de 10.000 Oficiais R\/2 que, como formadores de opini\u00e3o, atuam intensamente no segmento civil da sociedade brasileira.<\/p>\n<p>Os Encontros Nacionais se multiplicaram. De Manaus a Porto Alegre, realizamos anualmente o nosso tradicional ENOREx, com uma m\u00e9dia de participa\u00e7\u00e3o de cerca de 300 Oficiais R\/2.<\/p>\n<p>As dificuldades para o crescimento das nossas organiza\u00e7\u00f5es s\u00e3o conhecidas. Faltam-nos, especialmente, recursos humanos e financeiros, o que tem sido superado pela dedica\u00e7\u00e3o, esfor\u00e7o e compet\u00eancia de numerosos companheiros, que ao longo desses 19 anos deram e continuam dando a sua inestim\u00e1vel contribui\u00e7\u00e3o para o fortalecimento do ideal nacional, por meio do CNOR e das Associa\u00e7\u00f5es.<\/p>\n<p>Ao Ex\u00e9rcito Brasileiro, que um dia nos acolheu ainda meninos e nos transformou em Oficiais e em l\u00edderes, oferecemos os nossos mais nobres sentimentos de lealdade, afeto,\u00a0 gratid\u00e3o, respeito, apoio, considera\u00e7\u00e3o e solidariedade. Aos nossos oficiais da reserva de todo o Brasil, conclamamos todos a cada dia para se engajarem cada vez mais nesse mister de unidade e coes\u00e3o nacional da classe, em nome do fortalecimento e valoriza\u00e7\u00e3o da nossa tropa, e das grandes transforma\u00e7\u00f5es que podemos realizar juntos em prol do nosso pa\u00eds.<\/p>\n<p>Somos a sua Reserva, atenta e cada vez mais forte. Valores do nosso Ex\u00e9rcito, valores<br \/>\ndo nosso Brasil.<\/p>\n<p>Depto Ass Culturais CNOR<br \/>\nAno 2016<\/p>\n<p>&nbsp;<\/p>\n","protected":false},"excerpt":{"rendered":"<p>Sistema CNOR &#8211; Breve hist\u00f3rico Nos dias 21 e 22 Abr 97, a ent\u00e3o denominada Assoc Ex-Al CPOR\/RJ realizou o 1\u00ba Encontro Nacional de Oficiais da Reserva (R\/2) do Ex\u00e9rcito Brasileiro &#8211; I ENOREx. No quartel do CPOR\/RJ, ainda na Avenida Pedro II, no bairro imperial de S\u00e3o Crist\u00f3v\u00e3o, reunimos, num memor\u00e1vel Encontro, as delega\u00e7\u00f5es [&hellip;]<\/p>\n","protected":false},"author":1,"featured_media":288,"parent":0,"menu_order":0,"comment_status":"closed","ping_status":"closed","template":"","meta":{"rop_custom_images_group":[],"rop_custom_messages_group":[],"rop_publish_now":"initial","rop_publish_now_accounts":[],"rop_publish_now_history":[],"rop_publish_now_status":"pending","_exactmetrics_skip_tracking":false,"_exactmetrics_sitenote_active":false,"_exactmetrics_sitenote_note":"","_exactmetrics_sitenote_category":0,"footnotes":""},"class_list":["post-39","page","type-page","status-publish","has-post-thumbnail","hentry"],"_links":{"self":[{"href":"https:\/\/cnor.org.br\/wp\/wp-json\/wp\/v2\/pages\/39","targetHints":{"allow":["GET"]}}],"collection":[{"href":"https:\/\/cnor.org.br\/wp\/wp-json\/wp\/v2\/pages"}],"about":[{"href":"https:\/\/cnor.org.br\/wp\/wp-json\/wp\/v2\/types\/page"}],"author":[{"embeddable":true,"href":"https:\/\/cnor.org.br\/wp\/wp-json\/wp\/v2\/users\/1"}],"replies":[{"embeddable":true,"href":"https:\/\/cnor.org.br\/wp\/wp-json\/wp\/v2\/comments?post=39"}],"version-history":[{"count":9,"href":"https:\/\/cnor.org.br\/wp\/wp-json\/wp\/v2\/pages\/39\/revisions"}],"predecessor-version":[{"id":293,"href":"https:\/\/cnor.org.br\/wp\/wp-json\/wp\/v2\/pages\/39\/revisions\/293"}],"wp:featuredmedia":[{"embeddable":true,"href":"https:\/\/cnor.org.br\/wp\/wp-json\/wp\/v2\/media\/288"}],"wp:attachment":[{"href":"https:\/\/cnor.org.br\/wp\/wp-json\/wp\/v2\/media?parent=39"}],"curies":[{"name":"wp","href":"https:\/\/api.w.org\/{rel}","templated":true}]}}